{"id":121,"date":"2024-07-20T18:16:44","date_gmt":"2024-07-20T16:16:44","guid":{"rendered":"https:\/\/verderebelde.es\/?post_type=product&#038;p=121"},"modified":"2025-05-31T12:18:59","modified_gmt":"2025-05-31T10:18:59","slug":"blue-gelato-cbd","status":"publish","type":"product","link":"https:\/\/verderebelde.es\/de\/produkt\/blue-gelato-cbd\/","title":{"rendered":"Blue Gelato CBD (Indoor) Ab 3,40 \u20ac\/g"},"content":{"rendered":"<p><strong><span style=\"text-decoration: underline;\"><span style=\"vertical-align: inherit;\">BESCHREIBUNG<\/span><\/span><\/strong><\/p>\n<p class=\"p\"><span style=\"vertical-align: inherit;\">Ihre leuchtend gr\u00fcnen, mittelgro\u00dfen Knospen mit einer kompakten und sehr harzigen Struktur verstr\u00f6men ein erstaunliches und intensives Aroma, das an die Frische frisch geernteter Rot- und Zitrusfr\u00fcchte erinnert.<\/span><\/p>\n<p class=\"p\"><span style=\"vertical-align: inherit;\">Der <em><strong>Blaues Gelato<\/strong><\/em> von <em><strong>Rebellengr\u00fcn<\/strong><\/em> Es hat einen THC-Prozentsatz von weniger als 0,21 TP3T und einen hohen CBD-Gehalt (ca. 11-151 TP3T).<\/span><span style=\"vertical-align: inherit;\"> von<\/span><span style=\"vertical-align: inherit;\">was keine Auswirkungen hat<\/span><span style=\"vertical-align: inherit;\">psychotrop, sein Aroma ist sehr anregend und eignet sich perfekt f\u00fcr die Aufrechterhaltung der t\u00e4glichen Aktivit\u00e4t.<\/span><\/p>\n<p class=\"p\"><span style=\"text-decoration: underline;\"><strong><span style=\"vertical-align: inherit;\">Genotyp:<\/span><\/strong><\/span><span style=\"font-family: -apple-system, BlinkMacSystemFont, 'San Francisco', 'Segoe UI', Roboto, 'Helvetica Neue', sans-serif; font-size: 0.875rem;\"><span style=\"vertical-align: inherit;\"> Sativa (Industriehanf)<\/span><\/span><\/p>\n<p class=\"p\"><span style=\"text-decoration: underline;\"><strong><span style=\"vertical-align: inherit;\">THC-Gehalt<\/span><\/strong><\/span><span style=\"vertical-align: inherit;\"> :<\/span><span style=\"vertical-align: inherit;\">&lt;0,2%<\/span><\/p>\n<p class=\"p\"><span style=\"text-decoration: underline;\"><strong><span style=\"vertical-align: inherit;\">Duft:<\/span><\/strong><\/span><span style=\"vertical-align: inherit;\"> Sehr intensiv<\/span><\/p>\n<p class=\"p\"><strong><u><span style=\"vertical-align: inherit;\">ORGANOLEPTISCHES PROFIL<\/span><\/u><\/strong><\/p>\n<ul>\n<li class=\"p\"><b><span style=\"vertical-align: inherit;\">rote Fr\u00fcchte<\/span><\/b><\/li>\n<li class=\"p\"><b><span style=\"vertical-align: inherit;\">Zitrusfr\u00fcchte<\/span><\/b><\/li>\n<\/ul>","protected":false},"excerpt":{"rendered":"<p><span style=\"vertical-align: inherit;\">Diese starke und kr\u00e4ftige Sorte, die in Innenr\u00e4umen angebaut wird und weltweit hoch gesch\u00e4tzt wird, ist in der Lage, die Sinne der anspruchsvollsten und Experten in der Welt des Cannabidiols zu befriedigen, indem sie einfach den Beh\u00e4lter \u00f6ffnet.\u00a0<\/span><\/p>","protected":false},"featured_media":3963,"comment_status":"open","ping_status":"closed","template":"","meta":{"_et_pb_use_builder":"","_et_pb_old_content":"","_et_gb_content_width":"","_monsterinsights_skip_tracking":false,"_monsterinsights_sitenote_active":false,"_monsterinsights_sitenote_note":"","_monsterinsights_sitenote_category":0,"_joinchat":[]},"product_brand":[],"product_cat":[76,15],"product_tag":[73],"class_list":{"0":"post-121","1":"product","2":"type-product","3":"status-publish","4":"has-post-thumbnail","6":"product_cat-comprar-flores-cbd-barato","7":"product_cat-productos-cbd-baratos","8":"product_tag-100-legal-en-europa","10":"first","11":"instock","12":"sale","13":"taxable","14":"shipping-taxable","15":"purchasable","16":"product-type-variable"},"aioseo_notices":[],"_links":{"self":[{"href":"https:\/\/verderebelde.es\/de\/wp-json\/wp\/v2\/product\/121","targetHints":{"allow":["GET"]}}],"collection":[{"href":"https:\/\/verderebelde.es\/de\/wp-json\/wp\/v2\/product"}],"about":[{"href":"https:\/\/verderebelde.es\/de\/wp-json\/wp\/v2\/types\/product"}],"replies":[{"embeddable":true,"href":"https:\/\/verderebelde.es\/de\/wp-json\/wp\/v2\/comments?post=121"}],"wp:featuredmedia":[{"embeddable":true,"href":"https:\/\/verderebelde.es\/de\/wp-json\/wp\/v2\/media\/3963"}],"wp:attachment":[{"href":"https:\/\/verderebelde.es\/de\/wp-json\/wp\/v2\/media?parent=121"}],"wp:term":[{"taxonomy":"product_brand","embeddable":true,"href":"https:\/\/verderebelde.es\/de\/wp-json\/wp\/v2\/product_brand?post=121"},{"taxonomy":"product_cat","embeddable":true,"href":"https:\/\/verderebelde.es\/de\/wp-json\/wp\/v2\/product_cat?post=121"},{"taxonomy":"product_tag","embeddable":true,"href":"https:\/\/verderebelde.es\/de\/wp-json\/wp\/v2\/product_tag?post=121"}],"curies":[{"name":"wp","href":"https:\/\/api.w.org\/{rel}","templated":true}]}}