{"id":1853,"date":"2024-09-24T10:51:27","date_gmt":"2024-09-24T08:51:27","guid":{"rendered":"https:\/\/verderebelde.es\/?post_type=product&#038;p=1853"},"modified":"2025-05-31T11:42:23","modified_gmt":"2025-05-31T09:42:23","slug":"aceite-sweet-kase-cbd-cbg-by-kase-o","status":"publish","type":"product","link":"https:\/\/verderebelde.es\/de\/produkt\/aceite-sweet-kase-cbd-cbg-by-kase-o\/","title":{"rendered":"S\u00fc\u00dfes Kase\u00f6l: CBD + CBG von Kase.O"},"content":{"rendered":"<p>Sweet Kase 10% Vollspektrum\u00f6l im Baum CBD. Dieses Premium-CBD-\u00d6l ist mit CBG angereichert und enth\u00e4lt die beruhigende Essenz von Zitronenmelisse und ein k\u00f6stliches Honigaroma.<\/p>\n<p>Diese au\u00dfergew\u00f6hnliche Mischung kombiniert die Vorteile von CBD und CBG mit den entspannenden Eigenschaften von Zitronenmelisse und schafft so ein wirklich einzigartiges Produkt.<\/p>\n<p>Als Vollspektrum\u00f6l beh\u00e4lt dieses Produkt alle Verbindungen der Hanfbl\u00fcte und ihre Eigenschaften bei und liefert haupts\u00e4chlich 5% Cannabidiol (CBD) und 5% Cannabigerol (CBG) sowie geringe Mengen an CBF, CBN, CBC und mehr 40 Terpene, die nat\u00fcrlicherweise in Hanf vorkommen.<\/p>","protected":false},"excerpt":{"rendered":"<ul>\n<li>5 % CBD pro Tropfen (2,5 mg pro Tropfen)<\/li>\n<li>5 % CBG pro Tropfen (2,5 mg pro Tropfen)<\/li>\n<li>Melissa 1% pro Tropfen (0,5 mg pro Tropfen)<\/li>\n<li>MCT-\u00d6l<\/li>\n<li>Honigaroma<\/li>\n<li>10 ml Dosierbeh\u00e4lter.<\/li>\n<li>Biologischer Landbau, frei von Pestiziden und sch\u00e4dlichen Chemikalien.<\/li>\n<li>Enth\u00e4lt weniger als 0,21 TP3T THC<\/li>\n<\/ul>","protected":false},"featured_media":1854,"comment_status":"open","ping_status":"closed","template":"","meta":{"_et_pb_use_builder":"","_et_pb_old_content":"","_et_gb_content_width":"","_monsterinsights_skip_tracking":false,"_monsterinsights_sitenote_active":false,"_monsterinsights_sitenote_note":"","_monsterinsights_sitenote_category":0,"_joinchat":[]},"product_brand":[],"product_cat":[80,15],"product_tag":[73],"class_list":{"0":"post-1853","1":"product","2":"type-product","3":"status-publish","4":"has-post-thumbnail","6":"product_cat-aceites-cbd-calidad","7":"product_cat-productos-cbd-baratos","8":"product_tag-100-legal-en-europa","10":"first","11":"outofstock","12":"taxable","13":"shipping-taxable","14":"purchasable","15":"product-type-simple"},"aioseo_notices":[],"_links":{"self":[{"href":"https:\/\/verderebelde.es\/de\/wp-json\/wp\/v2\/product\/1853","targetHints":{"allow":["GET"]}}],"collection":[{"href":"https:\/\/verderebelde.es\/de\/wp-json\/wp\/v2\/product"}],"about":[{"href":"https:\/\/verderebelde.es\/de\/wp-json\/wp\/v2\/types\/product"}],"replies":[{"embeddable":true,"href":"https:\/\/verderebelde.es\/de\/wp-json\/wp\/v2\/comments?post=1853"}],"wp:featuredmedia":[{"embeddable":true,"href":"https:\/\/verderebelde.es\/de\/wp-json\/wp\/v2\/media\/1854"}],"wp:attachment":[{"href":"https:\/\/verderebelde.es\/de\/wp-json\/wp\/v2\/media?parent=1853"}],"wp:term":[{"taxonomy":"product_brand","embeddable":true,"href":"https:\/\/verderebelde.es\/de\/wp-json\/wp\/v2\/product_brand?post=1853"},{"taxonomy":"product_cat","embeddable":true,"href":"https:\/\/verderebelde.es\/de\/wp-json\/wp\/v2\/product_cat?post=1853"},{"taxonomy":"product_tag","embeddable":true,"href":"https:\/\/verderebelde.es\/de\/wp-json\/wp\/v2\/product_tag?post=1853"}],"curies":[{"name":"wp","href":"https:\/\/api.w.org\/{rel}","templated":true}]}}