{"id":225,"date":"2024-07-20T18:16:43","date_gmt":"2024-07-20T16:16:43","guid":{"rendered":"https:\/\/verderebelde.es\/?post_type=product&#038;p=225"},"modified":"2024-10-25T17:30:41","modified_gmt":"2024-10-25T15:30:41","slug":"sweet-amnesia-haze-xl-auto","status":"publish","type":"product","link":"https:\/\/verderebelde.es\/de\/produkt\/sweet-amnesia-haze-xl-auto\/","title":{"rendered":"Sweet Amnesia Haze XL Auto"},"content":{"rendered":"<h2><strong><span style=\"color: #7e9f6b;\"><span style=\"vertical-align: inherit;\">BESCHREIBUNG<\/span><\/span><\/strong><\/h2>\n<p><span style=\"vertical-align: inherit;\">Um dieser Genetik den autoflowering Charakter zu verleihen, hat Sweet Seeds ausgew\u00e4hlte Sorten seiner SAD Sweet Afghani Delicious Auto-Sorte verwendet, die der Kreuzung einen Hintergrund aus s\u00fc\u00dfen und gemischten Aromen verleiht.<\/span><\/p>\n<p><span style=\"vertical-align: inherit;\">Diese Sorte hat ein angenehmes, sehr komplexes und tiefes Weihraucharoma mit s\u00fc\u00dfen und gemischten T\u00f6nen und einem Hauch von Zitruszitrone, mit Holz und Trockenfr\u00fcchten.<\/span><\/p>\n<p><span style=\"vertical-align: inherit;\">Hohe selbstbl\u00fchende Sorte, sehr harzig und produktiv.<\/span><\/p>\n<h2><span style=\"color: #7e9f6b;\"><strong><span style=\"vertical-align: inherit;\">TECHNISCHES BLATT SWEET AMNESIA HAZE XL AUTO<\/span><\/strong><\/span><\/h2>\n<p><strong><span style=\"vertical-align: inherit;\">Vielfalt:<\/span><\/strong><span style=\"vertical-align: inherit;\"> SWS57<\/span><\/p>\n<p><strong><span style=\"vertical-align: inherit;\">Zeigt an:\u00a0<\/span><\/strong><span style=\"vertical-align: inherit;\"> 24,4%<\/span><\/p>\n<p><strong><span style=\"vertical-align: inherit;\">Sativa:<\/span><\/strong><span style=\"vertical-align: inherit;\"> 74%<\/span><\/p>\n<p><strong><span style=\"vertical-align: inherit;\">Ruderalis:<\/span><\/strong><span style=\"vertical-align: inherit;\"> 1,6%<\/span><\/p>\n<p><strong><span style=\"vertical-align: inherit;\">THC:<\/span><\/strong><span style=\"vertical-align: inherit;\"> 15-20%<\/span><\/p>\n<p><strong><span style=\"vertical-align: inherit;\">CBD:<\/span><\/strong><span style=\"vertical-align: inherit;\"> 0,5%<\/span><\/p>\n<p><strong><span style=\"vertical-align: inherit;\">Interne Produktion:<\/span><\/strong><span style=\"vertical-align: inherit;\"> 400-600\u00a0<\/span><span style=\"vertical-align: inherit;\">g\/m\u00b2<\/span><\/p>\n<p><strong><span style=\"vertical-align: inherit;\">Ausl\u00e4ndische Produktion:<\/span><\/strong><span style=\"vertical-align: inherit;\"> 50-200 g\/Pflanze<\/span><\/p>\n<p><strong><span style=\"vertical-align: inherit;\">Indoor-\/Outdoor-Ernte:<\/span><\/strong><span style=\"vertical-align: inherit;\"> 8-9 Wochen nach der Keimung<\/span><\/p>\n<p><strong><span style=\"vertical-align: inherit;\">H\u00f6he:<\/span><\/strong><span style=\"vertical-align: inherit;\"> 60-120cm<\/span><\/p>\n<p><strong><span style=\"vertical-align: inherit;\">Duft:<\/span><\/strong><span style=\"vertical-align: inherit;\"> Zitrone, Moschus, Holzig, Zitrusfrucht, S\u00fc\u00df<\/span><\/p>","protected":false},"excerpt":{"rendered":"<p><span style=\"vertical-align: inherit;\">Autoflowering der 4. Generation. F\u00fcr die Entwicklung dieser Sorte hat Sweer Seeds den ber\u00fchmten Amnesia Haze-Klon \u201eCordobesa\u201c verwendet.<\/span><\/p>","protected":false},"featured_media":226,"comment_status":"open","ping_status":"closed","template":"","meta":{"_et_pb_use_builder":"","_et_pb_old_content":"","_et_gb_content_width":"","_monsterinsights_skip_tracking":false,"_monsterinsights_sitenote_active":false,"_monsterinsights_sitenote_note":"","_monsterinsights_sitenote_category":0,"_joinchat":[]},"product_brand":[],"product_cat":[81,15],"product_tag":[73],"class_list":{"0":"post-225","1":"product","2":"type-product","3":"status-publish","4":"has-post-thumbnail","6":"product_cat-semillas-cannabis-calidad","7":"product_cat-productos-cbd-baratos","8":"product_tag-100-legal-en-europa","10":"first","11":"instock","12":"taxable","13":"shipping-taxable","14":"purchasable","15":"product-type-simple"},"aioseo_notices":[],"_links":{"self":[{"href":"https:\/\/verderebelde.es\/de\/wp-json\/wp\/v2\/product\/225","targetHints":{"allow":["GET"]}}],"collection":[{"href":"https:\/\/verderebelde.es\/de\/wp-json\/wp\/v2\/product"}],"about":[{"href":"https:\/\/verderebelde.es\/de\/wp-json\/wp\/v2\/types\/product"}],"replies":[{"embeddable":true,"href":"https:\/\/verderebelde.es\/de\/wp-json\/wp\/v2\/comments?post=225"}],"wp:featuredmedia":[{"embeddable":true,"href":"https:\/\/verderebelde.es\/de\/wp-json\/wp\/v2\/media\/226"}],"wp:attachment":[{"href":"https:\/\/verderebelde.es\/de\/wp-json\/wp\/v2\/media?parent=225"}],"wp:term":[{"taxonomy":"product_brand","embeddable":true,"href":"https:\/\/verderebelde.es\/de\/wp-json\/wp\/v2\/product_brand?post=225"},{"taxonomy":"product_cat","embeddable":true,"href":"https:\/\/verderebelde.es\/de\/wp-json\/wp\/v2\/product_cat?post=225"},{"taxonomy":"product_tag","embeddable":true,"href":"https:\/\/verderebelde.es\/de\/wp-json\/wp\/v2\/product_tag?post=225"}],"curies":[{"name":"wp","href":"https:\/\/api.w.org\/{rel}","templated":true}]}}