{"id":121,"date":"2024-07-20T18:16:44","date_gmt":"2024-07-20T16:16:44","guid":{"rendered":"https:\/\/verderebelde.es\/?post_type=product&#038;p=121"},"modified":"2025-05-31T12:18:59","modified_gmt":"2025-05-31T10:18:59","slug":"blue-gelato-cbd","status":"publish","type":"product","link":"https:\/\/verderebelde.es\/fr\/produit\/blue-gelato-cbd\/","title":{"rendered":"Blue Gelato CBD (Indoor) \u00c0 partir de 3,40 \u20ac\/g"},"content":{"rendered":"<p><strong><span style=\"text-decoration: underline;\"><span style=\"vertical-align: inherit;\">DESCRIPTION<\/span><\/span><\/strong><\/p>\n<p class=\"p\"><span style=\"vertical-align: inherit;\">Ses bourgeons vert vif, de taille moyenne, \u00e0 la structure compacte et tr\u00e8s r\u00e9sineuse d\u00e9gagent un ar\u00f4me \u00e9tonnant et intense qui \u00e9voque la fra\u00eecheur des fruits rouges et des agrumes r\u00e9cemment r\u00e9colt\u00e9s.<\/span><\/p>\n<p class=\"p\"><span style=\"vertical-align: inherit;\">Le <em><strong>Glace bleue<\/strong><\/em> de <em><strong>Vert rebelle<\/strong><\/em> Il a un pourcentage inf\u00e9rieur \u00e0 0,2% de THC et une teneur \u00e9lev\u00e9e en CBD (environ 11-15%)<\/span><span style=\"vertical-align: inherit;\"> par<\/span><span style=\"vertical-align: inherit;\">ce qui n&#039;a aucun effet<\/span><span style=\"vertical-align: inherit;\">psychotrope, son ar\u00f4me est tr\u00e8s \u00e9nergisant et est parfait pour maintenir l&#039;activit\u00e9 quotidienne.<\/span><\/p>\n<p class=\"p\"><span style=\"text-decoration: underline;\"><strong><span style=\"vertical-align: inherit;\">G\u00e9notype:<\/span><\/strong><\/span><span style=\"font-family: -apple-system, BlinkMacSystemFont, 'San Francisco', 'Segoe UI', Roboto, 'Helvetica Neue', sans-serif; font-size: 0.875rem;\"><span style=\"vertical-align: inherit;\"> Sativa (Chanvre industriel)<\/span><\/span><\/p>\n<p class=\"p\"><span style=\"text-decoration: underline;\"><strong><span style=\"vertical-align: inherit;\">Niveau de THC<\/span><\/strong><\/span><span style=\"vertical-align: inherit;\"> :<\/span><span style=\"vertical-align: inherit;\">&lt;0,2%<\/span><\/p>\n<p class=\"p\"><span style=\"text-decoration: underline;\"><strong><span style=\"vertical-align: inherit;\">Parfum:<\/span><\/strong><\/span><span style=\"vertical-align: inherit;\"> Tr\u00e8s intense<\/span><\/p>\n<p class=\"p\"><strong><u><span style=\"vertical-align: inherit;\">PROFIL ORGANOLEPTIQUE<\/span><\/u><\/strong><\/p>\n<ul>\n<li class=\"p\"><b><span style=\"vertical-align: inherit;\">fruits rouges<\/span><\/b><\/li>\n<li class=\"p\"><b><span style=\"vertical-align: inherit;\">Agrumes<\/span><\/b><\/li>\n<\/ul>","protected":false},"excerpt":{"rendered":"<p><span style=\"vertical-align: inherit;\">Cette vari\u00e9t\u00e9 forte et vigoureuse, cultiv\u00e9e en int\u00e9rieur et tr\u00e8s appr\u00e9ci\u00e9e dans le monde entier, est capable de satisfaire les sens des plus exigeants et experts du monde du Cannabidiol, simplement en ouvrant le r\u00e9cipient.\u00a0<\/span><\/p>","protected":false},"featured_media":3963,"comment_status":"open","ping_status":"closed","template":"","meta":{"_et_pb_use_builder":"","_et_pb_old_content":"","_et_gb_content_width":"","_monsterinsights_skip_tracking":false,"_monsterinsights_sitenote_active":false,"_monsterinsights_sitenote_note":"","_monsterinsights_sitenote_category":0,"_joinchat":[]},"product_brand":[],"product_cat":[76,15],"product_tag":[73],"class_list":{"0":"post-121","1":"product","2":"type-product","3":"status-publish","4":"has-post-thumbnail","6":"product_cat-comprar-flores-cbd-barato","7":"product_cat-productos-cbd-baratos","8":"product_tag-100-legal-en-europa","10":"first","11":"instock","12":"sale","13":"taxable","14":"shipping-taxable","15":"purchasable","16":"product-type-variable"},"aioseo_notices":[],"_links":{"self":[{"href":"https:\/\/verderebelde.es\/fr\/wp-json\/wp\/v2\/product\/121","targetHints":{"allow":["GET"]}}],"collection":[{"href":"https:\/\/verderebelde.es\/fr\/wp-json\/wp\/v2\/product"}],"about":[{"href":"https:\/\/verderebelde.es\/fr\/wp-json\/wp\/v2\/types\/product"}],"replies":[{"embeddable":true,"href":"https:\/\/verderebelde.es\/fr\/wp-json\/wp\/v2\/comments?post=121"}],"wp:featuredmedia":[{"embeddable":true,"href":"https:\/\/verderebelde.es\/fr\/wp-json\/wp\/v2\/media\/3963"}],"wp:attachment":[{"href":"https:\/\/verderebelde.es\/fr\/wp-json\/wp\/v2\/media?parent=121"}],"wp:term":[{"taxonomy":"product_brand","embeddable":true,"href":"https:\/\/verderebelde.es\/fr\/wp-json\/wp\/v2\/product_brand?post=121"},{"taxonomy":"product_cat","embeddable":true,"href":"https:\/\/verderebelde.es\/fr\/wp-json\/wp\/v2\/product_cat?post=121"},{"taxonomy":"product_tag","embeddable":true,"href":"https:\/\/verderebelde.es\/fr\/wp-json\/wp\/v2\/product_tag?post=121"}],"curies":[{"name":"wp","href":"https:\/\/api.w.org\/{rel}","templated":true}]}}