{"id":160,"date":"2024-07-20T18:16:45","date_gmt":"2024-07-20T16:16:45","guid":{"rendered":"https:\/\/verderebelde.es\/?post_type=product&#038;p=160"},"modified":"2025-05-31T12:12:24","modified_gmt":"2025-05-31T10:12:24","slug":"zkittlez-cbd","status":"publish","type":"product","link":"https:\/\/verderebelde.es\/fr\/produit\/zkittlez-cbd\/","title":{"rendered":"Zkittlez CBD (Int\u00e9rieur) \u00c0 partir de 3,40 \u20ac\/gr"},"content":{"rendered":"<p><span style=\"color: #333333;\"><strong><span style=\"text-decoration: underline;\"><span style=\"vertical-align: inherit;\">DESCRIPTION<\/span><\/span><\/strong><\/span><\/p>\n<p class=\"p\"><span style=\"vertical-align: inherit; color: #333333;\">Ses bourgeons, d&#039;une duret\u00e9 consid\u00e9rable et tr\u00e8s r\u00e9sineux, se caract\u00e9risent par une couleur verte avec une touche d&#039;argent et des pistils bruns et violets.<\/span><\/p>\n<p class=\"p\"><span style=\"vertical-align: inherit; color: #333333;\">Le <em><strong>Zkittlez<\/strong><\/em>\u00a0de <em><strong>VertRebelle<\/strong><\/em> Elle contient un pourcentage de THC inf\u00e9rieur \u00e0 0,31 TP3T et une quantit\u00e9 importante de CBD. C&#039;est l&#039;une de nos vari\u00e9t\u00e9s de cannabidiol les plus puissantes.<\/span><\/p>\n<p class=\"p\"><span style=\"color: #333333;\"><span style=\"text-decoration: underline;\"><strong><span style=\"vertical-align: inherit;\">G\u00e9notype:<\/span><\/strong><\/span><span style=\"font-family: -apple-system, BlinkMacSystemFont, 'San Francisco', 'Segoe UI', Roboto, 'Helvetica Neue', sans-serif; font-size: 0.875rem;\"><span style=\"vertical-align: inherit;\"> Cannabis Sativa L (Chanvre industriel)<\/span><\/span><\/span><\/p>\n<p class=\"p\"><span style=\"color: #333333;\"><span style=\"text-decoration: underline;\"><strong><span style=\"vertical-align: inherit;\">Niveau de THC<\/span><\/strong><\/span><span style=\"vertical-align: inherit;\"> :<\/span><span style=\"vertical-align: inherit;\">&lt;0,3%<\/span><\/span><\/p>\n<p class=\"p\"><span style=\"color: #333333;\"><span style=\"text-decoration: underline;\"><strong><span style=\"vertical-align: inherit;\">Parfum:<\/span><\/strong><\/span><span style=\"vertical-align: inherit;\"> Tr\u00e8s intense<\/span><\/span><\/p>\n<p class=\"p\"><span style=\"color: #333333;\"><strong><u><span style=\"vertical-align: inherit;\">PROFIL ORGANOLEPTIQUE<\/span><\/u><\/strong><\/span><\/p>\n<ul>\n<li class=\"p\"><span style=\"color: #333333;\"><b>Doux avec une l\u00e9g\u00e8re touche aigre<\/b><\/span><\/li>\n<\/ul>","protected":false},"excerpt":{"rendered":"<p><span style=\"vertical-align: inherit;\">Cette vari\u00e9t\u00e9 est l\u2019une des plus respect\u00e9es par les experts du monde du CBD et l\u2019une des plus demand\u00e9es par nos clients.\u00a0<\/span><\/p>","protected":false},"featured_media":3970,"comment_status":"open","ping_status":"closed","template":"","meta":{"_et_pb_use_builder":"","_et_pb_old_content":"","_et_gb_content_width":"","_monsterinsights_skip_tracking":false,"_monsterinsights_sitenote_active":false,"_monsterinsights_sitenote_note":"","_monsterinsights_sitenote_category":0,"_joinchat":[]},"product_brand":[],"product_cat":[76,15],"product_tag":[73],"class_list":{"0":"post-160","1":"product","2":"type-product","3":"status-publish","4":"has-post-thumbnail","6":"product_cat-comprar-flores-cbd-barato","7":"product_cat-productos-cbd-baratos","8":"product_tag-100-legal-en-europa","10":"first","11":"instock","12":"sale","13":"featured","14":"taxable","15":"shipping-taxable","16":"purchasable","17":"product-type-variable"},"aioseo_notices":[],"_links":{"self":[{"href":"https:\/\/verderebelde.es\/fr\/wp-json\/wp\/v2\/product\/160","targetHints":{"allow":["GET"]}}],"collection":[{"href":"https:\/\/verderebelde.es\/fr\/wp-json\/wp\/v2\/product"}],"about":[{"href":"https:\/\/verderebelde.es\/fr\/wp-json\/wp\/v2\/types\/product"}],"replies":[{"embeddable":true,"href":"https:\/\/verderebelde.es\/fr\/wp-json\/wp\/v2\/comments?post=160"}],"wp:featuredmedia":[{"embeddable":true,"href":"https:\/\/verderebelde.es\/fr\/wp-json\/wp\/v2\/media\/3970"}],"wp:attachment":[{"href":"https:\/\/verderebelde.es\/fr\/wp-json\/wp\/v2\/media?parent=160"}],"wp:term":[{"taxonomy":"product_brand","embeddable":true,"href":"https:\/\/verderebelde.es\/fr\/wp-json\/wp\/v2\/product_brand?post=160"},{"taxonomy":"product_cat","embeddable":true,"href":"https:\/\/verderebelde.es\/fr\/wp-json\/wp\/v2\/product_cat?post=160"},{"taxonomy":"product_tag","embeddable":true,"href":"https:\/\/verderebelde.es\/fr\/wp-json\/wp\/v2\/product_tag?post=160"}],"curies":[{"name":"wp","href":"https:\/\/api.w.org\/{rel}","templated":true}]}}