{"id":1853,"date":"2024-09-24T10:51:27","date_gmt":"2024-09-24T08:51:27","guid":{"rendered":"https:\/\/verderebelde.es\/?post_type=product&#038;p=1853"},"modified":"2025-05-31T11:42:23","modified_gmt":"2025-05-31T09:42:23","slug":"aceite-sweet-kase-cbd-cbg-by-kase-o","status":"publish","type":"product","link":"https:\/\/verderebelde.es\/fr\/produit\/aceite-sweet-kase-cbd-cbg-by-kase-o\/","title":{"rendered":"Huile Sweet Kase : CBD + CBG par Kase.O"},"content":{"rendered":"<p>Huile \u00e0 spectre complet Sweet Kase 10% dans The Tree CBD. Cette huile de CBD haut de gamme est enrichie en CBG et pr\u00e9sente l&#039;essence apaisante de m\u00e9lisse et un d\u00e9licieux ar\u00f4me de miel.<\/p>\n<p>Ce m\u00e9lange exceptionnel combine les bienfaits du CBD et du CBG avec les propri\u00e9t\u00e9s relaxantes de la m\u00e9lisse, cr\u00e9ant un produit vraiment unique.<\/p>\n<p>En tant qu&#039;huile \u00e0 spectre complet, ce produit conserve tous les compos\u00e9s de la fleur de chanvre et ses propri\u00e9t\u00e9s, apportant principalement 5% de cannabidiol (CBD) et 5% de cannabig\u00e9rol (CBG), ainsi que des quantit\u00e9s mineures de CBF, CBN, CBC et plus. 40 terp\u00e8nes pr\u00e9sents naturellement dans le chanvre.<\/p>","protected":false},"excerpt":{"rendered":"<ul>\n<li>5 % CBD par goutte (2,5 mg par goutte)<\/li>\n<li>5 % CBG par goutte (2,5 mg par goutte)<\/li>\n<li>Melissa 1% par goutte (0,5 mg par goutte)<\/li>\n<li>Huile MCT<\/li>\n<li>Parfum de miel<\/li>\n<li>R\u00e9cipient doseur de 10 ml.<\/li>\n<li>Agriculture biologique, sans pesticides ni produits chimiques nocifs.<\/li>\n<li>Contient moins de 0,21 TP3T THC<\/li>\n<\/ul>","protected":false},"featured_media":1854,"comment_status":"open","ping_status":"closed","template":"","meta":{"_et_pb_use_builder":"","_et_pb_old_content":"","_et_gb_content_width":"","_monsterinsights_skip_tracking":false,"_monsterinsights_sitenote_active":false,"_monsterinsights_sitenote_note":"","_monsterinsights_sitenote_category":0,"_joinchat":[]},"product_brand":[],"product_cat":[80,15],"product_tag":[73],"class_list":{"0":"post-1853","1":"product","2":"type-product","3":"status-publish","4":"has-post-thumbnail","6":"product_cat-aceites-cbd-calidad","7":"product_cat-productos-cbd-baratos","8":"product_tag-100-legal-en-europa","10":"first","11":"outofstock","12":"taxable","13":"shipping-taxable","14":"purchasable","15":"product-type-simple"},"aioseo_notices":[],"_links":{"self":[{"href":"https:\/\/verderebelde.es\/fr\/wp-json\/wp\/v2\/product\/1853","targetHints":{"allow":["GET"]}}],"collection":[{"href":"https:\/\/verderebelde.es\/fr\/wp-json\/wp\/v2\/product"}],"about":[{"href":"https:\/\/verderebelde.es\/fr\/wp-json\/wp\/v2\/types\/product"}],"replies":[{"embeddable":true,"href":"https:\/\/verderebelde.es\/fr\/wp-json\/wp\/v2\/comments?post=1853"}],"wp:featuredmedia":[{"embeddable":true,"href":"https:\/\/verderebelde.es\/fr\/wp-json\/wp\/v2\/media\/1854"}],"wp:attachment":[{"href":"https:\/\/verderebelde.es\/fr\/wp-json\/wp\/v2\/media?parent=1853"}],"wp:term":[{"taxonomy":"product_brand","embeddable":true,"href":"https:\/\/verderebelde.es\/fr\/wp-json\/wp\/v2\/product_brand?post=1853"},{"taxonomy":"product_cat","embeddable":true,"href":"https:\/\/verderebelde.es\/fr\/wp-json\/wp\/v2\/product_cat?post=1853"},{"taxonomy":"product_tag","embeddable":true,"href":"https:\/\/verderebelde.es\/fr\/wp-json\/wp\/v2\/product_tag?post=1853"}],"curies":[{"name":"wp","href":"https:\/\/api.w.org\/{rel}","templated":true}]}}