{"id":240,"date":"2024-07-20T18:16:38","date_gmt":"2024-07-20T16:16:38","guid":{"rendered":"https:\/\/verderebelde.es\/?post_type=product&#038;p=240"},"modified":"2025-03-16T23:51:00","modified_gmt":"2025-03-16T22:51:00","slug":"crema-de-noche-cbd-sport-100mg-cbd-50ml","status":"publish","type":"product","link":"https:\/\/verderebelde.es\/fr\/produit\/crema-de-noche-cbd-sport-100mg-cbd-50ml\/","title":{"rendered":"Cr\u00e8me de Nuit Sport CBD 100mg CBD (50ml)"},"content":{"rendered":"<p><span style=\"color: #7e9f6b;\"><strong>Caract\u00e9ristiques principales\u00a0:<\/strong><\/span><\/p>\n<ul>\n<li><strong>CBD de haute qualit\u00e9 :<\/strong> 100 mg de CBD pur, issu de chanvre biologique et sans THC, pour une exp\u00e9rience de soin naturelle.<\/li>\n<li><strong>R\u00e9g\u00e9n\u00e9ration nocturne\u00a0:<\/strong> Formule enrichie qui aide \u00e0 r\u00e9parer et revitaliser la peau pendant la nuit.<\/li>\n<li><strong>Hydratation Intense\u00a0:<\/strong> Maintient la peau douce et souple, r\u00e9duisant l\u2019apparence de fatigue et de stress.<\/li>\n<li><strong>Ingr\u00e9dients naturels\u00a0:<\/strong> Combinez le CBD avec des extraits botaniques pour un soin complet et naturel.<\/li>\n<li><strong>Texture douce\u00a0:<\/strong> Rapidement absorb\u00e9 et non gras, parfait \u00e0 appliquer avant de se coucher.<\/li>\n<\/ul>\n<p><span style=\"color: #7e9f6b;\"><strong>Comment utiliser\u00a0:<\/strong><\/span> Appliquer une petite quantit\u00e9 sur le visage et le cou propres avant de se coucher. Massez doucement jusqu&#039;\u00e0 absorption compl\u00e8te. Utiliser quotidiennement pour de meilleurs r\u00e9sultats.<\/p>\n<p>La cr\u00e8me de nuit CBD Sport de Cannactiva est id\u00e9ale pour ceux qui cherchent \u00e0 r\u00e9g\u00e9n\u00e9rer et revitaliser leur peau apr\u00e8s une journ\u00e9e active. D\u00e9couvrez le pouvoir des soins de nuit au CBD et r\u00e9veillez-vous avec une peau renouvel\u00e9e et saine.<\/p>","protected":false},"excerpt":{"rendered":"<p><span style=\"color: #7e9f6b;\"><strong>Revitalisez votre peau avec la cr\u00e8me de nuit Cannactiva CBD Sport 100 mg<\/strong><\/span><\/p>\n<p>D\u00e9couvrez une peau plus fra\u00eeche et revitalis\u00e9e avec la cr\u00e8me de nuit CBD Sport de Cannactiva. Con\u00e7ue sp\u00e9cifiquement pour les sportifs, cette cr\u00e8me combine le pouvoir du CBD avec des ingr\u00e9dients naturels pour procurer une hydratation en profondeur et favoriser la r\u00e9g\u00e9n\u00e9ration de la peau pendant votre sommeil.<\/p>","protected":false},"featured_media":241,"comment_status":"open","ping_status":"closed","template":"","meta":{"_et_pb_use_builder":"","_et_pb_old_content":"","_et_gb_content_width":"","_monsterinsights_skip_tracking":false,"_monsterinsights_sitenote_active":false,"_monsterinsights_sitenote_note":"","_monsterinsights_sitenote_category":0,"_joinchat":[]},"product_brand":[],"product_cat":[77,15],"product_tag":[],"class_list":{"0":"post-240","1":"product","2":"type-product","3":"status-publish","4":"has-post-thumbnail","6":"product_cat-cosmetica-cbd-salud","7":"product_cat-productos-cbd-baratos","9":"first","10":"instock","11":"sale","12":"taxable","13":"shipping-taxable","14":"purchasable","15":"product-type-simple"},"aioseo_notices":[],"_links":{"self":[{"href":"https:\/\/verderebelde.es\/fr\/wp-json\/wp\/v2\/product\/240","targetHints":{"allow":["GET"]}}],"collection":[{"href":"https:\/\/verderebelde.es\/fr\/wp-json\/wp\/v2\/product"}],"about":[{"href":"https:\/\/verderebelde.es\/fr\/wp-json\/wp\/v2\/types\/product"}],"replies":[{"embeddable":true,"href":"https:\/\/verderebelde.es\/fr\/wp-json\/wp\/v2\/comments?post=240"}],"wp:featuredmedia":[{"embeddable":true,"href":"https:\/\/verderebelde.es\/fr\/wp-json\/wp\/v2\/media\/241"}],"wp:attachment":[{"href":"https:\/\/verderebelde.es\/fr\/wp-json\/wp\/v2\/media?parent=240"}],"wp:term":[{"taxonomy":"product_brand","embeddable":true,"href":"https:\/\/verderebelde.es\/fr\/wp-json\/wp\/v2\/product_brand?post=240"},{"taxonomy":"product_cat","embeddable":true,"href":"https:\/\/verderebelde.es\/fr\/wp-json\/wp\/v2\/product_cat?post=240"},{"taxonomy":"product_tag","embeddable":true,"href":"https:\/\/verderebelde.es\/fr\/wp-json\/wp\/v2\/product_tag?post=240"}],"curies":[{"name":"wp","href":"https:\/\/api.w.org\/{rel}","templated":true}]}}